{"id":169,"date":"2009-11-03T00:01:33","date_gmt":"2009-11-02T22:01:33","guid":{"rendered":"http:\/\/www.pausenature.com\/?page_id=169"},"modified":"2019-01-25T00:05:28","modified_gmt":"2019-01-24T22:05:28","slug":"les-tampons-balinais","status":"publish","type":"page","link":"https:\/\/www.pausenature.com\/?page_id=169","title":{"rendered":"les tampons balinais"},"content":{"rendered":"<p style=\"text-align: justify;\">Ce toucher gommant, nettoyant apporte un bien-\u00eatre, une d\u00e9tente et une relaxation profonde. Ces tampons aux \u00e9pices chauff\u00e9s dans de l&rsquo;huile chaude agissent sur la peau, la circulation veineuse, et apportent d\u00e9contraction musculaire et vitalit\u00e9. L&rsquo;alternance de la chaleur des tampons et des mains apporte un ressenti tr\u00e8s particulier et un ensemble de sensations originales.<\/p>\n","protected":false},"excerpt":{"rendered":"<div class=\"entry-summary\">\nCe toucher gommant, nettoyant apporte un bien-\u00eatre, une d\u00e9tente et une relaxation profonde. Ces tampons aux \u00e9pices chauff\u00e9s dans de&hellip;\n<\/div>\n<div class=\"link-more\"><a href=\"https:\/\/www.pausenature.com\/?page_id=169\" class=\"more-link\">Continue reading<span class=\"screen-reader-text\"> &ldquo;les tampons balinais&rdquo;<\/span>&hellip;<\/a><\/div>\n","protected":false},"author":1,"featured_media":236,"parent":44,"menu_order":5,"comment_status":"closed","ping_status":"closed","template":"","meta":{"footnotes":""},"class_list":["post-169","page","type-page","status-publish","has-post-thumbnail","hentry","entry"],"_links":{"self":[{"href":"https:\/\/www.pausenature.com\/index.php?rest_route=\/wp\/v2\/pages\/169","targetHints":{"allow":["GET"]}}],"collection":[{"href":"https:\/\/www.pausenature.com\/index.php?rest_route=\/wp\/v2\/pages"}],"about":[{"href":"https:\/\/www.pausenature.com\/index.php?rest_route=\/wp\/v2\/types\/page"}],"author":[{"embeddable":true,"href":"https:\/\/www.pausenature.com\/index.php?rest_route=\/wp\/v2\/users\/1"}],"replies":[{"embeddable":true,"href":"https:\/\/www.pausenature.com\/index.php?rest_route=%2Fwp%2Fv2%2Fcomments&post=169"}],"version-history":[{"count":10,"href":"https:\/\/www.pausenature.com\/index.php?rest_route=\/wp\/v2\/pages\/169\/revisions"}],"predecessor-version":[{"id":454,"href":"https:\/\/www.pausenature.com\/index.php?rest_route=\/wp\/v2\/pages\/169\/revisions\/454"}],"up":[{"embeddable":true,"href":"https:\/\/www.pausenature.com\/index.php?rest_route=\/wp\/v2\/pages\/44"}],"wp:featuredmedia":[{"embeddable":true,"href":"https:\/\/www.pausenature.com\/index.php?rest_route=\/wp\/v2\/media\/236"}],"wp:attachment":[{"href":"https:\/\/www.pausenature.com\/index.php?rest_route=%2Fwp%2Fv2%2Fmedia&parent=169"}],"curies":[{"name":"wp","href":"https:\/\/api.w.org\/{rel}","templated":true}]}}