{"id":215,"date":"2009-11-07T01:32:07","date_gmt":"2009-11-06T23:32:07","guid":{"rendered":"http:\/\/www.pausenature.com\/?page_id=215"},"modified":"2022-09-26T23:35:32","modified_gmt":"2022-09-26T21:35:32","slug":"tarifs","status":"publish","type":"page","link":"https:\/\/www.pausenature.com\/?page_id=215","title":{"rendered":"Tarifs"},"content":{"rendered":"<table id=\"table1\" style=\"border-collapse: collapse;\" border=\"0\" width=\"100%\">\n<tbody>\n<tr>\n<td width=\"70%\"><strong>Le Bien-\u00eatre<\/strong><em><br \/>\nM\u00e9lange de techniques de toucher Californien, Su\u00e9dois et Shiatsu<br \/>\n(Doux, fluide, profond, tonique, enveloppant)<\/em><\/td>\n<td width=\"10%\" align=\"right\" valign=\"top\">60&prime;<br \/>\n90&prime;<\/td>\n<td width=\"10%\" align=\"right\" valign=\"top\">60 \u20ac<br \/>\n90 \u20ac<\/td>\n<\/tr>\n<tr>\n<td width=\"70%\"><strong>Le Deep tissue<\/strong><br \/>\n<em>toucher <\/em><em>Su\u00e9dois profond et musculaire<\/em><\/td>\n<td width=\"10%\" align=\"right\" valign=\"top\">60&prime;<\/td>\n<td width=\"10%\" align=\"right\" valign=\"top\">70 \u20ac<\/td>\n<\/tr>\n<tr>\n<td width=\"70%\"><strong>Le Drainant<br \/>\n<\/strong><e>toucher <em>qui s&rsquo;inspire du drainage lymphatique traditionnel<\/em><\/e><\/td>\n<td width=\"10%\" align=\"right\" valign=\"top\">60&prime;<\/td>\n<td width=\"10%\" align=\"right\" valign=\"top\">70 \u20ac<\/td>\n<\/tr>\n<tr>\n<td width=\"70%\"><strong>Le minceur<br \/>\n<\/strong><em>Massage-bien-\u00eatre compl\u00e9t\u00e9 de techniques comme le palp\u00e9 roul\u00e9 manuel, le martel\u00e9<br \/>\n<\/em>Forfait 12 s\u00e9ances<\/td>\n<td width=\"10%\" align=\"right\" valign=\"top\">60&prime;<\/td>\n<td width=\"10%\" align=\"right\" valign=\"top\">70 \u20ac<\/p>\n<p>770 \u20ac<\/td>\n<\/tr>\n<tr>\n<td width=\"70%\"><strong>Les tampons Balinais<\/strong><em><br \/>\nMassage-bien-\u00eatre avec tampons aux \u00e9pices chauff\u00e9s dans de l&rsquo;huile chaude<\/em><\/td>\n<td width=\"10%\" align=\"right\" valign=\"top\">60&prime;<\/td>\n<td width=\"10%\" align=\"right\" valign=\"top\">80 \u20ac<\/td>\n<\/tr>\n<tr>\n<td width=\"70%\" height=\"22\"><strong>Le Lomi Lomi<br \/>\n<\/strong><em>toucher <\/em><em>Hawa\u00efen effectu\u00e9 principalement avec les avant-bras<\/em><\/td>\n<td width=\"10%\" align=\"right\" valign=\"top\">60&prime;<\/td>\n<td width=\"10%\" align=\"right\" valign=\"top\">70 \u20ac<\/td>\n<\/tr>\n<tr>\n<td width=\"70%\"><strong>Les Bambous africains<br \/>\n<\/strong><em>Massage-bien-\u00eatre effectu\u00e9 avec 4 sortes de bambous<\/em><\/td>\n<td width=\"10%\" align=\"right\" valign=\"top\">60&prime;<\/td>\n<td width=\"10%\" align=\"right\" valign=\"top\">70 \u20ac<\/td>\n<\/tr>\n<tr>\n<td width=\"70%\"><strong>L&rsquo;Oriental<br \/>\n<\/strong><em>Massage-bien-\u00eatre inspir\u00e9 de techniques orientales, compos\u00e9 de mouvements \u00e9nerg\u00e9tiques, fluides et rapides<\/em><\/td>\n<td width=\"10%\" align=\"right\" valign=\"top\">60&prime;<\/td>\n<td width=\"10%\" align=\"right\" valign=\"top\">70 \u20ac<\/td>\n<\/tr>\n<tr>\n<td width=\"70%\"><\/td>\n<td width=\"10%\" align=\"right\" valign=\"top\"><\/td>\n<td width=\"10%\" align=\"right\" valign=\"top\"><\/td>\n<\/tr>\n<tr>\n<td width=\"70%\"><em><strong><span style=\"color: #436a04;\">Si le temps vous est compt\u00e9<\/span><\/strong><\/em><strong><span style=\"color: #436a04;\"><br \/>\n<\/span><\/strong><\/td>\n<td width=\"10%\" align=\"right\" valign=\"top\"><\/td>\n<td width=\"10%\" align=\"right\" valign=\"top\"><\/td>\n<\/tr>\n<tr>\n<td width=\"70%\"><strong>Jambes<br \/>\n<\/strong><em>Post\u00e9rieures et ant\u00e9rieures<\/em><\/td>\n<td width=\"10%\" align=\"right\" valign=\"top\">30&prime;<\/td>\n<td width=\"10%\" align=\"right\" valign=\"top\">40 \u20ac<\/td>\n<\/tr>\n<tr>\n<td width=\"70%\"><strong>Dos<\/strong><\/td>\n<td width=\"10%\" align=\"right\" valign=\"top\">30&prime;<\/td>\n<td width=\"10%\" align=\"right\" valign=\"top\">40 \u20ac<\/td>\n<\/tr>\n<tr>\n<td width=\"70%\"><strong>Nuque et visage<\/strong><\/td>\n<td width=\"10%\" align=\"right\" valign=\"top\">30&prime;<\/td>\n<td width=\"10%\" align=\"right\" valign=\"top\">40 \u20ac<\/td>\n<\/tr>\n<tr>\n<td width=\"70%\"><\/td>\n<td width=\"10%\" align=\"right\" valign=\"top\"><\/td>\n<td width=\"10%\" align=\"right\" valign=\"top\"><\/td>\n<\/tr>\n<tr>\n<td width=\"70%\"><em><strong><span style=\"color: #436a04;\"> <\/span><\/strong><\/em><strong><span style=\"color: #436a04;\"><br \/>\n<\/span><\/strong><\/td>\n<td width=\"10%\" align=\"right\" valign=\"top\"><\/td>\n<td width=\"10%\" align=\"right\" valign=\"top\"><\/td>\n<\/tr>\n<tr>\n<td width=\"70%\"><span style=\"color: #436a04;\"><strong>HypnoR\u00e9sonance <\/strong><\/span><br \/>\n1\u00e8re s\u00e9ance<\/td>\n<td width=\"10%\" align=\"right\" valign=\"top\">90&prime; \u00e0 120&prime;<\/td>\n<td width=\"10%\" align=\"right\" valign=\"top\">80 \u20ac<\/td>\n<\/tr>\n<tr>\n<td width=\"70%\">S\u00e9ances suivantes<\/td>\n<td width=\"10%\" align=\"right\" valign=\"top\">75&prime; \u00e0 90&prime;<\/td>\n<td width=\"10%\" align=\"right\" valign=\"top\">70 \u20ac<\/td>\n<\/tr>\n<tr>\n<td width=\"70%\"><em><strong><span style=\"color: #436a04;\"> <\/span><\/strong><\/em><strong><span style=\"color: #436a04;\"><br \/>\n<\/span><\/strong><\/td>\n<td width=\"10%\" align=\"right\" valign=\"top\"><\/td>\n<td width=\"10%\" align=\"right\" valign=\"top\"><\/td>\n<\/tr>\n<tr><\/tr>\n<tr>\n<td width=\"70%\"><span style=\"color: #436a04;\"><strong>Chi Nei Tsang <\/strong><\/span><br \/>\n1\u00e8re s\u00e9ance<\/td>\n<td width=\"10%\" align=\"right\" valign=\"top\">90&prime; \u00e0 120&prime;<\/td>\n<td width=\"10%\" align=\"right\" valign=\"top\">80 \u20ac<\/td>\n<\/tr>\n<tr>\n<td width=\"70%\">S\u00e9ances suivantes<\/td>\n<td width=\"10%\" align=\"right\" valign=\"top\">60&prime; \u00e0 90&prime;<\/td>\n<td width=\"10%\" align=\"right\" valign=\"top\">70 \u20ac<\/td>\n<\/tr>\n<tr>\n<td width=\"70%\"><em><strong><span style=\"color: #436a04;\"> <\/span><\/strong><\/em><strong><span style=\"color: #436a04;\"><br \/>\n<\/span><\/strong><\/td>\n<td width=\"10%\" align=\"right\" valign=\"top\"><\/td>\n<td width=\"10%\" align=\"right\" valign=\"top\"><\/td>\n<\/tr>\n<tr><\/tr>\n<tr>\n<td width=\"70%\"><span style=\"color: #436a04;\"><strong>Lahochi <\/strong><\/span><\/td>\n<td width=\"10%\" align=\"right\" valign=\"top\">60&prime;<\/td>\n<td width=\"10%\" align=\"right\" valign=\"top\">50 \u20ac<\/td>\n<\/tr>\n<\/tbody>\n<\/table>\n","protected":false},"excerpt":{"rendered":"<div class=\"entry-summary\">\nLe Bien-\u00eatre M\u00e9lange de techniques de toucher Californien, Su\u00e9dois et Shiatsu (Doux, fluide, profond, tonique, enveloppant) 60&prime; 90&prime; 60 \u20ac&hellip;\n<\/div>\n<div class=\"link-more\"><a href=\"https:\/\/www.pausenature.com\/?page_id=215\" class=\"more-link\">Continue reading<span class=\"screen-reader-text\"> &ldquo;Tarifs&rdquo;<\/span>&hellip;<\/a><\/div>\n","protected":false},"author":1,"featured_media":0,"parent":0,"menu_order":5,"comment_status":"closed","ping_status":"closed","template":"","meta":{"footnotes":""},"class_list":["post-215","page","type-page","status-publish","hentry","entry"],"_links":{"self":[{"href":"https:\/\/www.pausenature.com\/index.php?rest_route=\/wp\/v2\/pages\/215","targetHints":{"allow":["GET"]}}],"collection":[{"href":"https:\/\/www.pausenature.com\/index.php?rest_route=\/wp\/v2\/pages"}],"about":[{"href":"https:\/\/www.pausenature.com\/index.php?rest_route=\/wp\/v2\/types\/page"}],"author":[{"embeddable":true,"href":"https:\/\/www.pausenature.com\/index.php?rest_route=\/wp\/v2\/users\/1"}],"replies":[{"embeddable":true,"href":"https:\/\/www.pausenature.com\/index.php?rest_route=%2Fwp%2Fv2%2Fcomments&post=215"}],"version-history":[{"count":42,"href":"https:\/\/www.pausenature.com\/index.php?rest_route=\/wp\/v2\/pages\/215\/revisions"}],"predecessor-version":[{"id":611,"href":"https:\/\/www.pausenature.com\/index.php?rest_route=\/wp\/v2\/pages\/215\/revisions\/611"}],"wp:attachment":[{"href":"https:\/\/www.pausenature.com\/index.php?rest_route=%2Fwp%2Fv2%2Fmedia&parent=215"}],"curies":[{"name":"wp","href":"https:\/\/api.w.org\/{rel}","templated":true}]}}