{"id":48,"date":"2009-10-30T02:03:58","date_gmt":"2009-10-30T00:03:58","guid":{"rendered":"http:\/\/www.pausenature.com\/?page_id=48"},"modified":"2019-01-27T22:05:08","modified_gmt":"2019-01-27T20:05:08","slug":"le-deep-tissue","status":"publish","type":"page","link":"https:\/\/www.pausenature.com\/?page_id=48","title":{"rendered":"le deep tissue"},"content":{"rendered":"<p style=\"text-align: justify;\">Ce toucher profond et musculaire est effectu\u00e9 \u00e0 partir de p\u00e9trissages, de pressions fortes et d\u2019\u00e9tirements. Ces mouvements conviennent aux personnes plut\u00f4t sportives ou appr\u00e9ciant les mouvements puissants et profonds. Ce toucher permet l\u2019\u00e9limination des toxines et\/ou une r\u00e9g\u00e9n\u00e9ration musculaire apr\u00e8s efforts. Une serviette peut vous recouvrir et sera repouss\u00e9e au fur et \u00e0 mesure du mouvement.<\/p>\n","protected":false},"excerpt":{"rendered":"<div class=\"entry-summary\">\nCe toucher profond et musculaire est effectu\u00e9 \u00e0 partir de p\u00e9trissages, de pressions fortes et d\u2019\u00e9tirements. Ces mouvements conviennent aux&hellip;\n<\/div>\n<div class=\"link-more\"><a href=\"https:\/\/www.pausenature.com\/?page_id=48\" class=\"more-link\">Continue reading<span class=\"screen-reader-text\"> &ldquo;le deep tissue&rdquo;<\/span>&hellip;<\/a><\/div>\n","protected":false},"author":1,"featured_media":233,"parent":44,"menu_order":2,"comment_status":"closed","ping_status":"closed","template":"","meta":{"footnotes":""},"class_list":["post-48","page","type-page","status-publish","has-post-thumbnail","hentry","entry"],"_links":{"self":[{"href":"https:\/\/www.pausenature.com\/index.php?rest_route=\/wp\/v2\/pages\/48","targetHints":{"allow":["GET"]}}],"collection":[{"href":"https:\/\/www.pausenature.com\/index.php?rest_route=\/wp\/v2\/pages"}],"about":[{"href":"https:\/\/www.pausenature.com\/index.php?rest_route=\/wp\/v2\/types\/page"}],"author":[{"embeddable":true,"href":"https:\/\/www.pausenature.com\/index.php?rest_route=\/wp\/v2\/users\/1"}],"replies":[{"embeddable":true,"href":"https:\/\/www.pausenature.com\/index.php?rest_route=%2Fwp%2Fv2%2Fcomments&post=48"}],"version-history":[{"count":15,"href":"https:\/\/www.pausenature.com\/index.php?rest_route=\/wp\/v2\/pages\/48\/revisions"}],"predecessor-version":[{"id":513,"href":"https:\/\/www.pausenature.com\/index.php?rest_route=\/wp\/v2\/pages\/48\/revisions\/513"}],"up":[{"embeddable":true,"href":"https:\/\/www.pausenature.com\/index.php?rest_route=\/wp\/v2\/pages\/44"}],"wp:featuredmedia":[{"embeddable":true,"href":"https:\/\/www.pausenature.com\/index.php?rest_route=\/wp\/v2\/media\/233"}],"wp:attachment":[{"href":"https:\/\/www.pausenature.com\/index.php?rest_route=%2Fwp%2Fv2%2Fmedia&parent=48"}],"curies":[{"name":"wp","href":"https:\/\/api.w.org\/{rel}","templated":true}]}}