{"id":50,"date":"2009-10-30T02:04:36","date_gmt":"2009-10-30T00:04:36","guid":{"rendered":"http:\/\/www.pausenature.com\/?page_id=50"},"modified":"2022-09-26T22:37:32","modified_gmt":"2022-09-26T20:37:32","slug":"le-drainant","status":"publish","type":"page","link":"https:\/\/www.pausenature.com\/?page_id=50","title":{"rendered":"le drainant"},"content":{"rendered":"<p style=\"text-align: justify;\">Ce toucher s&rsquo;inspire du drainage lymphatique traditionnel et est compl\u00e9t\u00e9 de gestes du massage-bien-\u00eatre. Ces techniques (lentes, l\u00e9g\u00e8res et r\u00e9p\u00e9titives) sont li\u00e9es au bien \u00eatre et en aucun cas th\u00e9rapeutique ou m\u00e9dicales. C&rsquo;est un toucher \u00e0 l&rsquo;huile tr\u00e8s doux et tr\u00e8s relaxant effectu\u00e9 au niveau du circuit lymphatique. Il est id\u00e9al pour r\u00e9duire les troubles circulatoires veineux et lymphatiques.<\/p>\n<p style=\"text-align: justify;\">Il donne une v\u00e9ritable sensation de l\u00e9g\u00e8ret\u00e9. Il permet de combattre la r\u00e9tention d&rsquo;eau et la formation de cellulite. Il apporte une d\u00e9tente calmante des tissus et une stimulation du travail des cellules.<\/p>\n<p>(N\u2019h\u00e9sitez pas, en cas de doute, \u00e0 demander l\u2019avis d\u2019un m\u00e9decin ou d&rsquo;un professionnel de sant\u00e9 comp\u00e9tent (Masseur Kin\u00e9sith\u00e9rapeute D.E)<\/p>\n","protected":false},"excerpt":{"rendered":"<div class=\"entry-summary\">\nCe toucher s&rsquo;inspire du drainage lymphatique traditionnel et est compl\u00e9t\u00e9 de gestes du massage-bien-\u00eatre. Ces techniques (lentes, l\u00e9g\u00e8res et r\u00e9p\u00e9titives)&hellip;\n<\/div>\n<div class=\"link-more\"><a href=\"https:\/\/www.pausenature.com\/?page_id=50\" class=\"more-link\">Continue reading<span class=\"screen-reader-text\"> &ldquo;le drainant&rdquo;<\/span>&hellip;<\/a><\/div>\n","protected":false},"author":1,"featured_media":251,"parent":44,"menu_order":3,"comment_status":"closed","ping_status":"closed","template":"","meta":{"footnotes":""},"class_list":["post-50","page","type-page","status-publish","has-post-thumbnail","hentry","entry"],"_links":{"self":[{"href":"https:\/\/www.pausenature.com\/index.php?rest_route=\/wp\/v2\/pages\/50","targetHints":{"allow":["GET"]}}],"collection":[{"href":"https:\/\/www.pausenature.com\/index.php?rest_route=\/wp\/v2\/pages"}],"about":[{"href":"https:\/\/www.pausenature.com\/index.php?rest_route=\/wp\/v2\/types\/page"}],"author":[{"embeddable":true,"href":"https:\/\/www.pausenature.com\/index.php?rest_route=\/wp\/v2\/users\/1"}],"replies":[{"embeddable":true,"href":"https:\/\/www.pausenature.com\/index.php?rest_route=%2Fwp%2Fv2%2Fcomments&post=50"}],"version-history":[{"count":12,"href":"https:\/\/www.pausenature.com\/index.php?rest_route=\/wp\/v2\/pages\/50\/revisions"}],"predecessor-version":[{"id":566,"href":"https:\/\/www.pausenature.com\/index.php?rest_route=\/wp\/v2\/pages\/50\/revisions\/566"}],"up":[{"embeddable":true,"href":"https:\/\/www.pausenature.com\/index.php?rest_route=\/wp\/v2\/pages\/44"}],"wp:featuredmedia":[{"embeddable":true,"href":"https:\/\/www.pausenature.com\/index.php?rest_route=\/wp\/v2\/media\/251"}],"wp:attachment":[{"href":"https:\/\/www.pausenature.com\/index.php?rest_route=%2Fwp%2Fv2%2Fmedia&parent=50"}],"curies":[{"name":"wp","href":"https:\/\/api.w.org\/{rel}","templated":true}]}}