{"id":509,"date":"2019-01-27T21:53:55","date_gmt":"2019-01-27T19:53:55","guid":{"rendered":"http:\/\/www.pausenature.com\/?page_id=509"},"modified":"2022-09-26T22:36:11","modified_gmt":"2022-09-26T20:36:11","slug":"hypnoresonance","status":"publish","type":"page","link":"https:\/\/www.pausenature.com\/?page_id=509","title":{"rendered":"HypnoR\u00e9sonance"},"content":{"rendered":"<p style=\"text-align: justify;\">L\u2019hypnose remonte \u00e0 l\u2019Antiquit\u00e9 et fut \u00e9tudi\u00e9e par Mesmer, Charcot et Freud. L\u2019hypnose qui sera pratiqu\u00e9e est l\u2019hypnose \u00ab Ericksonienne \u00bb, hypnose non directive et cr\u00e9ative.<br \/>\nElle a \u00e9t\u00e9 \u00e9labor\u00e9e par le psychiatre am\u00e9ricain Milton Erickson qui imagine l\u2019inconscient comme une source de solutions, richesses, exp\u00e9riences pass\u00e9es, sentiments, \u00e9motions. \u00ab Seule l\u2019hypnose peut donner un acc\u00e8s ais\u00e9, rapide et large \u00e0 l\u2019inconscient, inconscient que l\u2019histoire de la psychoth\u00e9rapie a montr\u00e9 \u00eatre d\u2019une telle importance dans le traitement des d\u00e9sordres aigus de la personnalit\u00e9 \u00bb<\/p>\n<p style=\"text-align: justify;\">L\u2019hypnose \u00e9ricksonienne n\u2019induit pas un \u00e9tat de totale inconscience. L\u2019attention est intense et am\u00e8ne \u00e0 prendre conscience des ressources internes et \u00e0 la capacit\u00e9 \u00e0 les acqu\u00e9rir. C\u2019est un \u00e9tat modifi\u00e9 de conscience diff\u00e9rent de celui produit par la relaxation ou la m\u00e9ditation.<\/p>\n<p style=\"text-align: justify;\">Quelques s\u00e9ances (de 4 \u00e0 10) sont n\u00e9cessaires. Il est possible ensuite de renouveler plusieurs s\u00e9ances ou un autre cycle.<\/p>\n<p style=\"text-align: justify;\">Pendant ces s\u00e9ances les informations recueillies peuvent \u00eatre transmises d\u2019inconscient \u00e0 inconscient (m\u00e9taphores, symboles, arch\u00e9types) en relation avec la probl\u00e9matique. Cela s\u2019appelle la \u00ab r\u00e9sonance \u00bb.<\/p>\n<p style=\"text-align: justify;\">Pendant chaque s\u00e9ance, il y aura un temps d\u2019\u00e9change puis des suggestions seront propos\u00e9es. Les inductions seront propres \u00e0 chacun, construites en fonction du monde int\u00e9rieur et des besoins afin d\u2019aller dans les ressources inconscientes. Ce guide int\u00e9rieur conduit vers un mieux-\u00eatre.<\/p>\n<p>Bienfaits de l\u2019Hypnose :<\/p>\n<p>&#8211; Mieux g\u00e9rer ses \u00e9motions, ses peurs<br \/>\n&#8211; Modifier ses comportements n\u00e9gatifs<br \/>\n&#8211; Retrouver bien-\u00eatre et s\u00e9r\u00e9nit\u00e9<br \/>\n&#8211; Pr\u00e9paration aux \u00e9v\u00e9nements importants de sa vie<br \/>\n&#8211; Retrouver confiance en soi<br \/>\n&#8211; D\u00e9velopper sa cr\u00e9ativit\u00e9<br \/>\n&#8211; D\u00e9passer certains moments douloureux<\/p>\n<p>Lise Bartoli<br \/>\nwww.lisebartoli.com<\/p>\n<p>Muriel Altman<br \/>\npour des s\u00e9ances \u00e0 Paris au 06 60 85 58 33<br \/>\nwww.hypnose-murielaltmann.fr<\/p>\n","protected":false},"excerpt":{"rendered":"<div class=\"entry-summary\">\nL\u2019hypnose remonte \u00e0 l\u2019Antiquit\u00e9 et fut \u00e9tudi\u00e9e par Mesmer, Charcot et Freud. L\u2019hypnose qui sera pratiqu\u00e9e est l\u2019hypnose \u00ab Ericksonienne&hellip;\n<\/div>\n<div class=\"link-more\"><a href=\"https:\/\/www.pausenature.com\/?page_id=509\" class=\"more-link\">Continue reading<span class=\"screen-reader-text\"> &ldquo;HypnoR\u00e9sonance&rdquo;<\/span>&hellip;<\/a><\/div>\n","protected":false},"author":1,"featured_media":558,"parent":0,"menu_order":0,"comment_status":"closed","ping_status":"closed","template":"","meta":{"footnotes":""},"class_list":["post-509","page","type-page","status-publish","has-post-thumbnail","hentry","entry"],"_links":{"self":[{"href":"https:\/\/www.pausenature.com\/index.php?rest_route=\/wp\/v2\/pages\/509","targetHints":{"allow":["GET"]}}],"collection":[{"href":"https:\/\/www.pausenature.com\/index.php?rest_route=\/wp\/v2\/pages"}],"about":[{"href":"https:\/\/www.pausenature.com\/index.php?rest_route=\/wp\/v2\/types\/page"}],"author":[{"embeddable":true,"href":"https:\/\/www.pausenature.com\/index.php?rest_route=\/wp\/v2\/users\/1"}],"replies":[{"embeddable":true,"href":"https:\/\/www.pausenature.com\/index.php?rest_route=%2Fwp%2Fv2%2Fcomments&post=509"}],"version-history":[{"count":11,"href":"https:\/\/www.pausenature.com\/index.php?rest_route=\/wp\/v2\/pages\/509\/revisions"}],"predecessor-version":[{"id":565,"href":"https:\/\/www.pausenature.com\/index.php?rest_route=\/wp\/v2\/pages\/509\/revisions\/565"}],"wp:featuredmedia":[{"embeddable":true,"href":"https:\/\/www.pausenature.com\/index.php?rest_route=\/wp\/v2\/media\/558"}],"wp:attachment":[{"href":"https:\/\/www.pausenature.com\/index.php?rest_route=%2Fwp%2Fv2%2Fmedia&parent=509"}],"curies":[{"name":"wp","href":"https:\/\/api.w.org\/{rel}","templated":true}]}}