{"id":52,"date":"2009-10-30T02:05:45","date_gmt":"2009-10-30T00:05:45","guid":{"rendered":"http:\/\/www.pausenature.com\/?page_id=52"},"modified":"2019-01-25T00:02:52","modified_gmt":"2019-01-24T22:02:52","slug":"le-minceur","status":"publish","type":"page","link":"https:\/\/www.pausenature.com\/?page_id=52","title":{"rendered":"le minceur"},"content":{"rendered":"<p style=\"text-align: justify;\">Ce toucher s&rsquo;inspire du massage-bien-\u00eatre et de techniques&nbsp; comme le palp\u00e9 roul\u00e9 manuel. Il&nbsp; a pour but de lutter contre la cellulite et faciliter le d\u00e9stockage des graisses. Ce toucher comporte des gestes fluides pour pr\u00e9parer la peau, des gestes vifs pour l\u2019\u00e9chauffer et la d\u00e9tendre, des gestes martel\u00e9s et des palp\u00e9s roul\u00e9s afin de casser les cellules adipeuses superficielles.<\/p>\n<p>Ce toucher efficace permet un r\u00e9sultat optimum au niveau de la texture de la peau.<\/p>\n","protected":false},"excerpt":{"rendered":"<div class=\"entry-summary\">\nCe toucher s&rsquo;inspire du massage-bien-\u00eatre et de techniques&nbsp; comme le palp\u00e9 roul\u00e9 manuel. Il&nbsp; a pour but de lutter contre&hellip;\n<\/div>\n<div class=\"link-more\"><a href=\"https:\/\/www.pausenature.com\/?page_id=52\" class=\"more-link\">Continue reading<span class=\"screen-reader-text\"> &ldquo;le minceur&rdquo;<\/span>&hellip;<\/a><\/div>\n","protected":false},"author":1,"featured_media":230,"parent":44,"menu_order":4,"comment_status":"closed","ping_status":"closed","template":"","meta":{"footnotes":""},"class_list":["post-52","page","type-page","status-publish","has-post-thumbnail","hentry","entry"],"_links":{"self":[{"href":"https:\/\/www.pausenature.com\/index.php?rest_route=\/wp\/v2\/pages\/52","targetHints":{"allow":["GET"]}}],"collection":[{"href":"https:\/\/www.pausenature.com\/index.php?rest_route=\/wp\/v2\/pages"}],"about":[{"href":"https:\/\/www.pausenature.com\/index.php?rest_route=\/wp\/v2\/types\/page"}],"author":[{"embeddable":true,"href":"https:\/\/www.pausenature.com\/index.php?rest_route=\/wp\/v2\/users\/1"}],"replies":[{"embeddable":true,"href":"https:\/\/www.pausenature.com\/index.php?rest_route=%2Fwp%2Fv2%2Fcomments&post=52"}],"version-history":[{"count":12,"href":"https:\/\/www.pausenature.com\/index.php?rest_route=\/wp\/v2\/pages\/52\/revisions"}],"predecessor-version":[{"id":448,"href":"https:\/\/www.pausenature.com\/index.php?rest_route=\/wp\/v2\/pages\/52\/revisions\/448"}],"up":[{"embeddable":true,"href":"https:\/\/www.pausenature.com\/index.php?rest_route=\/wp\/v2\/pages\/44"}],"wp:featuredmedia":[{"embeddable":true,"href":"https:\/\/www.pausenature.com\/index.php?rest_route=\/wp\/v2\/media\/230"}],"wp:attachment":[{"href":"https:\/\/www.pausenature.com\/index.php?rest_route=%2Fwp%2Fv2%2Fmedia&parent=52"}],"curies":[{"name":"wp","href":"https:\/\/api.w.org\/{rel}","templated":true}]}}