{"id":58,"date":"2009-10-30T02:07:50","date_gmt":"2009-10-30T00:07:50","guid":{"rendered":"http:\/\/www.pausenature.com\/?page_id=58"},"modified":"2019-01-25T00:04:02","modified_gmt":"2019-01-24T22:04:02","slug":"le-lomi-lomi","status":"publish","type":"page","link":"https:\/\/www.pausenature.com\/?page_id=58","title":{"rendered":"le lomi lomi"},"content":{"rendered":"<p style=\"text-align: justify;\">Ce&nbsp; toucher hawa\u00efen est&nbsp; effectu\u00e9 principalement avec les avant-bras. Il est \u00e0 la fois fluide et \u00e9nerg\u00e9tique. Les mouvements sont pr\u00e9cis, enveloppants et rythm\u00e9s mais aussi profonds en \u00e9crasements et \u00e9tirements, lents et rapides. Cette s\u00e9ance apporte de l\u2019\u00e9nergie positive.<\/p>\n","protected":false},"excerpt":{"rendered":"<div class=\"entry-summary\">\nCe&nbsp; toucher hawa\u00efen est&nbsp; effectu\u00e9 principalement avec les avant-bras. Il est \u00e0 la fois fluide et \u00e9nerg\u00e9tique. Les mouvements sont&hellip;\n<\/div>\n<div class=\"link-more\"><a href=\"https:\/\/www.pausenature.com\/?page_id=58\" class=\"more-link\">Continue reading<span class=\"screen-reader-text\"> &ldquo;le lomi lomi&rdquo;<\/span>&hellip;<\/a><\/div>\n","protected":false},"author":1,"featured_media":233,"parent":44,"menu_order":6,"comment_status":"closed","ping_status":"closed","template":"","meta":{"footnotes":""},"class_list":["post-58","page","type-page","status-publish","has-post-thumbnail","hentry","entry"],"_links":{"self":[{"href":"https:\/\/www.pausenature.com\/index.php?rest_route=\/wp\/v2\/pages\/58","targetHints":{"allow":["GET"]}}],"collection":[{"href":"https:\/\/www.pausenature.com\/index.php?rest_route=\/wp\/v2\/pages"}],"about":[{"href":"https:\/\/www.pausenature.com\/index.php?rest_route=\/wp\/v2\/types\/page"}],"author":[{"embeddable":true,"href":"https:\/\/www.pausenature.com\/index.php?rest_route=\/wp\/v2\/users\/1"}],"replies":[{"embeddable":true,"href":"https:\/\/www.pausenature.com\/index.php?rest_route=%2Fwp%2Fv2%2Fcomments&post=58"}],"version-history":[{"count":11,"href":"https:\/\/www.pausenature.com\/index.php?rest_route=\/wp\/v2\/pages\/58\/revisions"}],"predecessor-version":[{"id":450,"href":"https:\/\/www.pausenature.com\/index.php?rest_route=\/wp\/v2\/pages\/58\/revisions\/450"}],"up":[{"embeddable":true,"href":"https:\/\/www.pausenature.com\/index.php?rest_route=\/wp\/v2\/pages\/44"}],"wp:featuredmedia":[{"embeddable":true,"href":"https:\/\/www.pausenature.com\/index.php?rest_route=\/wp\/v2\/media\/233"}],"wp:attachment":[{"href":"https:\/\/www.pausenature.com\/index.php?rest_route=%2Fwp%2Fv2%2Fmedia&parent=58"}],"curies":[{"name":"wp","href":"https:\/\/api.w.org\/{rel}","templated":true}]}}