{"id":593,"date":"2022-09-26T23:14:56","date_gmt":"2022-09-26T21:14:56","guid":{"rendered":"http:\/\/www.pausenature.com\/?page_id=593"},"modified":"2022-09-26T23:24:26","modified_gmt":"2022-09-26T21:24:26","slug":"lahochi","status":"publish","type":"page","link":"https:\/\/www.pausenature.com\/?page_id=593","title":{"rendered":"Lahochi"},"content":{"rendered":"<p style=\"text-align: justify;\">Le Lahochi est une technique \u00e9nerg\u00e9tique de soins transmise par l\u2019apposition des mains.<br \/>\nIl est consid\u00e9r\u00e9 par certains comme une forme de Reiki, m\u00eame si la fa\u00e7on de canaliser cette \u00e9nergie et d\u2019imposer les mains pour transmettre l\u2019\u00e9nergie de Lumi\u00e8re\/Amour est fondamentalement diff\u00e9rente du Reiki Usui.<\/p>\n<p style=\"text-align: justify;\">LaHoChi signifie :<br \/>\nLe son <strong>\u00ab La \u00bb<\/strong> dans LaHoChi fait r\u00e9f\u00e9rence \u00e0 la lumi\u00e8re, l\u2019amour et la sagesse venant des fr\u00e9quences de la Lumi\u00e8re les plus \u00e9lev\u00e9es,<br \/>\nLe son <strong>\u00ab Ho \u00bb <\/strong>fait r\u00e9f\u00e9rence au mouvement de cette \u00e9nergie,<br \/>\nLe son <strong>\u00ab Chi \u00bb <\/strong>est la force de vie, \u00e0 l\u2019\u00e9nergie universelle de vie<\/p>\n<p style=\"text-align: justify;\">Le Lahochi est une \u00e9nergie spirituelle aux fr\u00e9quences vibratoires tr\u00e8s \u00e9lev\u00e9es. Elle permet d\u2019acc\u00e9der \u00e0 une plus grande compr\u00e9hension et utilisation de l\u2019Energie Universelle de Vie pour soi-m\u00eame et pour aider les autres, dans le respect du libre-arbitre de chacun.<br \/>\nLe Lahochi peut \u00eatre utilis\u00e9 seul ou en combinaison avec d\u2019autres syst\u00e8mes de soins.<br \/>\nLe Lahochi restructure et \u00e9quilibre les corps subtils de l\u2019Etre, particuli\u00e8rement lorsqu\u2019il y a eu un traumatisme dans le corps \u00e9motionnel.<\/p>\n<p style=\"text-align: justify;\">L\u2019enseignement Lahochi a \u00e9t\u00e9 transmis par un ma\u00eetre spirituel du chi \u2013 <strong>le Ma\u00eetre LaHoChi<\/strong> \u2013 qui existe dans les Royaumes Ang\u00e9liques aupr\u00e8s du Ma\u00eetre Spirituel \u00ab Satchamar \u00bb, le 15 mai 1991. Leur union \u00e9nerg\u00e9tique a permis d\u2019activer ces \u00e9nergies spirituelles de gu\u00e9rison.<\/p>\n<p style=\"text-align: justify;\">Dans une s\u00e9ance de Lahochi, le praticien dispose de cinq positions sp\u00e9cifiques de base o\u00f9 il place ses mains sur le corps du Receveur qui reste habill\u00e9. Elles couvrent la t\u00eate, le torse, les bras, les hanches et la r\u00e9gion des jambes et du c\u0153ur.<\/p>\n","protected":false},"excerpt":{"rendered":"<div class=\"entry-summary\">\nLe Lahochi est une technique \u00e9nerg\u00e9tique de soins transmise par l\u2019apposition des mains. Il est consid\u00e9r\u00e9 par certains comme une&hellip;\n<\/div>\n<div class=\"link-more\"><a href=\"https:\/\/www.pausenature.com\/?page_id=593\" class=\"more-link\">Continue reading<span class=\"screen-reader-text\"> &ldquo;Lahochi&rdquo;<\/span>&hellip;<\/a><\/div>\n","protected":false},"author":1,"featured_media":594,"parent":0,"menu_order":0,"comment_status":"closed","ping_status":"closed","template":"","meta":{"footnotes":""},"class_list":["post-593","page","type-page","status-publish","has-post-thumbnail","hentry","entry"],"_links":{"self":[{"href":"https:\/\/www.pausenature.com\/index.php?rest_route=\/wp\/v2\/pages\/593","targetHints":{"allow":["GET"]}}],"collection":[{"href":"https:\/\/www.pausenature.com\/index.php?rest_route=\/wp\/v2\/pages"}],"about":[{"href":"https:\/\/www.pausenature.com\/index.php?rest_route=\/wp\/v2\/types\/page"}],"author":[{"embeddable":true,"href":"https:\/\/www.pausenature.com\/index.php?rest_route=\/wp\/v2\/users\/1"}],"replies":[{"embeddable":true,"href":"https:\/\/www.pausenature.com\/index.php?rest_route=%2Fwp%2Fv2%2Fcomments&post=593"}],"version-history":[{"count":6,"href":"https:\/\/www.pausenature.com\/index.php?rest_route=\/wp\/v2\/pages\/593\/revisions"}],"predecessor-version":[{"id":603,"href":"https:\/\/www.pausenature.com\/index.php?rest_route=\/wp\/v2\/pages\/593\/revisions\/603"}],"wp:featuredmedia":[{"embeddable":true,"href":"https:\/\/www.pausenature.com\/index.php?rest_route=\/wp\/v2\/media\/594"}],"wp:attachment":[{"href":"https:\/\/www.pausenature.com\/index.php?rest_route=%2Fwp%2Fv2%2Fmedia&parent=593"}],"curies":[{"name":"wp","href":"https:\/\/api.w.org\/{rel}","templated":true}]}}