{"id":60,"date":"2009-10-30T02:08:20","date_gmt":"2009-10-30T00:08:20","guid":{"rendered":"http:\/\/www.pausenature.com\/?page_id=60"},"modified":"2019-01-25T00:05:04","modified_gmt":"2019-01-24T22:05:04","slug":"les-bambous-africains","status":"publish","type":"page","link":"https:\/\/www.pausenature.com\/?page_id=60","title":{"rendered":"les bambous africains"},"content":{"rendered":"<p style=\"text-align: justify;\">Cette s\u00e9ance est effectu\u00e9e avec 4 sortes de bambous. Leur texture, leur sonorit\u00e9 et leur toucher particulier apporte un ensemble de sensations tr\u00e8s originales qui conduisent \u00e0 une relaxation positive.<\/p>\n","protected":false},"excerpt":{"rendered":"<div class=\"entry-summary\">\nCette s\u00e9ance est effectu\u00e9e avec 4 sortes de bambous. Leur texture, leur sonorit\u00e9 et leur toucher particulier apporte un ensemble&hellip;\n<\/div>\n<div class=\"link-more\"><a href=\"https:\/\/www.pausenature.com\/?page_id=60\" class=\"more-link\">Continue reading<span class=\"screen-reader-text\"> &ldquo;les bambous africains&rdquo;<\/span>&hellip;<\/a><\/div>\n","protected":false},"author":1,"featured_media":218,"parent":44,"menu_order":7,"comment_status":"closed","ping_status":"closed","template":"","meta":{"footnotes":""},"class_list":["post-60","page","type-page","status-publish","has-post-thumbnail","hentry","entry"],"_links":{"self":[{"href":"https:\/\/www.pausenature.com\/index.php?rest_route=\/wp\/v2\/pages\/60","targetHints":{"allow":["GET"]}}],"collection":[{"href":"https:\/\/www.pausenature.com\/index.php?rest_route=\/wp\/v2\/pages"}],"about":[{"href":"https:\/\/www.pausenature.com\/index.php?rest_route=\/wp\/v2\/types\/page"}],"author":[{"embeddable":true,"href":"https:\/\/www.pausenature.com\/index.php?rest_route=\/wp\/v2\/users\/1"}],"replies":[{"embeddable":true,"href":"https:\/\/www.pausenature.com\/index.php?rest_route=%2Fwp%2Fv2%2Fcomments&post=60"}],"version-history":[{"count":11,"href":"https:\/\/www.pausenature.com\/index.php?rest_route=\/wp\/v2\/pages\/60\/revisions"}],"predecessor-version":[{"id":452,"href":"https:\/\/www.pausenature.com\/index.php?rest_route=\/wp\/v2\/pages\/60\/revisions\/452"}],"up":[{"embeddable":true,"href":"https:\/\/www.pausenature.com\/index.php?rest_route=\/wp\/v2\/pages\/44"}],"wp:featuredmedia":[{"embeddable":true,"href":"https:\/\/www.pausenature.com\/index.php?rest_route=\/wp\/v2\/media\/218"}],"wp:attachment":[{"href":"https:\/\/www.pausenature.com\/index.php?rest_route=%2Fwp%2Fv2%2Fmedia&parent=60"}],"curies":[{"name":"wp","href":"https:\/\/api.w.org\/{rel}","templated":true}]}}