{"id":62,"date":"2009-10-30T02:08:49","date_gmt":"2009-10-30T00:08:49","guid":{"rendered":"http:\/\/www.pausenature.com\/?page_id=62"},"modified":"2019-01-25T00:06:25","modified_gmt":"2019-01-24T22:06:25","slug":"loriental","status":"publish","type":"page","link":"https:\/\/www.pausenature.com\/?page_id=62","title":{"rendered":"l\u2019oriental"},"content":{"rendered":"<p style=\"text-align: justify;\">Ce toucher inspir\u00e9 de techniques orientales est compos\u00e9 de mouvements \u00e9nerg\u00e9tiques, fluides et rapides qui permettent un l\u00e2cher prise du corps et l&rsquo;esprit. Il apporte une relaxation profonde de l&rsquo;esprit aux personnes hyperactives ou surmen\u00e9es. Les personnes fatigu\u00e9es peuvent se sentir stimul\u00e9es et retrouver une \u00e9nergie.<\/p>\n","protected":false},"excerpt":{"rendered":"<div class=\"entry-summary\">\nCe toucher inspir\u00e9 de techniques orientales est compos\u00e9 de mouvements \u00e9nerg\u00e9tiques, fluides et rapides qui permettent un l\u00e2cher prise du&hellip;\n<\/div>\n<div class=\"link-more\"><a href=\"https:\/\/www.pausenature.com\/?page_id=62\" class=\"more-link\">Continue reading<span class=\"screen-reader-text\"> &ldquo;l\u2019oriental&rdquo;<\/span>&hellip;<\/a><\/div>\n","protected":false},"author":1,"featured_media":251,"parent":44,"menu_order":8,"comment_status":"closed","ping_status":"closed","template":"","meta":{"footnotes":""},"class_list":["post-62","page","type-page","status-publish","has-post-thumbnail","hentry","entry"],"_links":{"self":[{"href":"https:\/\/www.pausenature.com\/index.php?rest_route=\/wp\/v2\/pages\/62","targetHints":{"allow":["GET"]}}],"collection":[{"href":"https:\/\/www.pausenature.com\/index.php?rest_route=\/wp\/v2\/pages"}],"about":[{"href":"https:\/\/www.pausenature.com\/index.php?rest_route=\/wp\/v2\/types\/page"}],"author":[{"embeddable":true,"href":"https:\/\/www.pausenature.com\/index.php?rest_route=\/wp\/v2\/users\/1"}],"replies":[{"embeddable":true,"href":"https:\/\/www.pausenature.com\/index.php?rest_route=%2Fwp%2Fv2%2Fcomments&post=62"}],"version-history":[{"count":11,"href":"https:\/\/www.pausenature.com\/index.php?rest_route=\/wp\/v2\/pages\/62\/revisions"}],"predecessor-version":[{"id":456,"href":"https:\/\/www.pausenature.com\/index.php?rest_route=\/wp\/v2\/pages\/62\/revisions\/456"}],"up":[{"embeddable":true,"href":"https:\/\/www.pausenature.com\/index.php?rest_route=\/wp\/v2\/pages\/44"}],"wp:featuredmedia":[{"embeddable":true,"href":"https:\/\/www.pausenature.com\/index.php?rest_route=\/wp\/v2\/media\/251"}],"wp:attachment":[{"href":"https:\/\/www.pausenature.com\/index.php?rest_route=%2Fwp%2Fv2%2Fmedia&parent=62"}],"curies":[{"name":"wp","href":"https:\/\/api.w.org\/{rel}","templated":true}]}}